{"id":1664,"date":"2020-07-01T21:51:27","date_gmt":"2020-07-01T19:51:27","guid":{"rendered":"http:\/\/angeloakys.lt\/?page_id=1664"},"modified":"2020-07-23T09:13:42","modified_gmt":"2020-07-23T07:13:42","slug":"please-support-fund-activity","status":"publish","type":"page","link":"https:\/\/angeloakys.lt\/en\/please-support-fund-activity\/","title":{"rendered":"Please support Fund activity"},"content":{"rendered":"<div class=\"wpb-content-wrapper\"><p>[vc_row][vc_column width=&#8221;1\/6&#8243;][\/vc_column][vc_column width=&#8221;4\/6&#8243; offset=&#8221;vc_hidden-md vc_hidden-sm vc_hidden-xs&#8221;][vc_empty_space]<section class=\"elegant-tabs-container\">\n\t\t\t<div class=\"et-tabs et-horizontal et-mobile-enabled et-tabs-style-iconbox-iconlist tab-class-3625539164 et-align-center\"\n\t\t\tdata-tab_style=\"iconbox-iconlist\"\n\t\t\tdata-active-bg=\"#ffffff\"\n\t\t\tdata-active-text=\"#601db7\"\n\t\t\tdata-hover-bg=\"\"\n\t\t\tdata-hover-text=\"\"\n\t\t\tdata-active-tab=\"1584790563319\"\n\t\t\tdata-auto-switch-tab=\"yes\"\n\t\t\tdata-switch-interval=\"99\"  data-show-hide=\"true\"  data-arrow-color=\"#000000\" data-arrow-bg-color=\"#8224e3\" data-arrow-color=\"#000000\" data-arrow-bg-color=\"#8224e3\" data-arrow-color=\"#000000\" data-arrow-bg-color=\"#8224e3\">\n\t\t\t<nav class=\"elegant-tabs-nav\" style=\"\">\n\t\t\t<ul class=\"elegant-tabs-list-container\" style=\"color:#ffffff;\">\n\t\t\t<li style=\"background:#ffffff;color:#6d0899;\" ><a class=\"et-anchor-tag\" style=\"color:#6d0899;font-size:14px;\" href=\"#\" target=\"\" data-href=\"#section-1584791128230-3-9\"><i class=\"iw-icons fas fa-university\" style=\"color:#6d0899;\"><\/i><span style=\"font-size: 14px;\" class=\"et-tab-title has-icon\">Donation to the account<\/span><\/a><\/li><li style=\"background:#ffffff;color:#6d0899;\" ><a class=\"et-anchor-tag\" style=\"color:#6d0899;font-size:14px;\" href=\"#\" target=\"\" data-href=\"#section-1584791161220-4-0\"><i class=\"iw-icons far fa-calendar\" style=\"color:#6d0899;\"><\/i><span style=\"font-size: 14px;\" class=\"et-tab-title has-icon\">Periodic donation<\/span><\/a><\/li><li style=\"background:#ffffff;color:#6d0899;\" ><a class=\"et-anchor-tag\" style=\"color:#6d0899;font-size:14px;\" href=\"#\" target=\"\" data-href=\"#section-1584790563358-7\"><i class=\"iw-icons fas fa-globe-africa\" style=\"color:#6d0899;\"><\/i><span style=\"font-size: 14px;\" class=\"et-tab-title has-icon\">For donors from abroad<\/span><\/a><\/li>\n\t\t\t<\/ul>\n\t\t\t<\/nav>\n\t\t\t<div class=\"et-content-wrap\">\n\t\t\t<section id=\"section-1584791128230-3-9\" class=\"tab\" data-animation=\"fadeIn\" style=\"background:; color:;\"><div class=\"infi-content-wrapper\">[vc_row_inner][vc_column_inner width=&#8221;1\/2&#8243;][vc_column_text]<\/p>\n<p style=\"text-align: left;\"><strong>Charity and Aid Fund \u201eAngelo akys\u201c<\/strong><\/p>\n<p style=\"text-align: left;\"><strong>Legal entity\u2019s code:<\/strong> 305296392<\/p>\n<p style=\"text-align: left;\"><strong>Address:<\/strong> G\u0117laini\u0173 g. 62, Panev\u0117\u017eys, LT 36252<\/p>\n<p style=\"text-align: left;\"><strong>By transferring funds to the fund&#8217;s account in any currency<\/strong><\/p>\n<p style=\"text-align: left;\"><strong>Bank:<\/strong> AB SWEDBANK, bank code 73000<\/p>\n<p style=\"text-align: left;\"><strong>Account No:\u00a0<\/strong> LT25 7300 0101 6138 1610<\/p>\n<p>[\/vc_column_text][\/vc_column_inner][vc_column_inner width=&#8221;1\/2&#8243;][vc_empty_space][vc_column_text]Text to paysera[\/vc_column_text][vc_raw_html]JTNDc3R5bGUlM0UlMjNkb25hdGVCdG5TYW1wbGUlN0Jjb2xvciUzQXdoaXRlJTNCZm9udC1zaXplJTNBMTdweCUzQnRleHQtZGVjb3JhdGlvbiUzQW5vbmUlM0Jmb250LWZhbWlseSUzQU9wZW4lMjBTYW5zJTJDSGVsdmV0aWNhJTIwTmV1ZSUyQ0hlbHZldGljYSUyQ0FyaWFsJTJDc2Fucy1zZXJpZiUzQmJhY2tncm91bmQlM0ElMjMxMzZjOWMlM0Jib3JkZXItcmFkaXVzJTNBM3B4JTNCcGFkZGluZyUzQTExcHglMjAyNHB4JTIwMTRweCUyMDEwcHglM0IlN0QlMjAlMjNkb25hdGVCdG5TYW1wbGUlMjBpbWcuZG9uYXRlQnRuU2FtcGxlTG9nbyU3QnBhZGRpbmclM0EzcHglMjA4cHglMjAzcHglMjAwcHglM0Jib3JkZXItcmlnaHQlM0ExcHglMjBzb2xpZCUyMCUyMzQxN2I5YSUzQnZlcnRpY2FsLWFsaWduJTNBbWlkZGxlJTNCJTdEJTIwJTIzZG9uYXRlQnRuU2FtcGxlJTIwc3Bhbi5kb25hdGVCdG5TYW1wbGVUZXh0JTdCcGFkZGluZy1sZWZ0JTNBMTZweCUzQnZlcnRpY2FsLWFsaWduJTNBbWlkZGxlJTNCJTdEJTIwJTNDJTJGc3R5bGUlM0UlMEElM0NhJTIwaHJlZiUzRCUyMmh0dHBzJTNBJTJGJTJGd3d3LnBheXNlcmEuY29tJTJGcGF5JTJGJTNGZGF0YSUzRGNISnZhbVZqZEdsa1BURTJOall3TWladmNtUmxjbWxrUFRBbVlXMXZkVzUwUFNaamRYSnlaVzVqZVQxRlZWSW1ZV05qWlhCMGRYSnNQV2gwZEhBbE0wRWxNa1lsTWtaM2QzY3VZVzVuWld4dllXdDVjeTVzZENaallXNWpaV3gxY213OWFIUjBjQ1V6UVNVeVJpVXlSbmQzZHk1aGJtZGxiRzloYTNsekxteDBKbU5oYkd4aVlXTnJkWEpzUFNaMFpYTjBQVEFtZG1WeWMybHZiajB4TGpZJTNEJTI2c2lnbiUzRDQ1MmY0YmNmNWM5Nzg3YTJjNjk3YTA0OTU0YTQwNzgxJTIyJTIwaWQlM0QlMjJkb25hdGVCdG5TYW1wbGUlMjIlM0UlMEElM0NpbWclMjBjbGFzcyUzRCUyMmRvbmF0ZUJ0blNhbXBsZUxvZ28lMjIlMjBzcmMlM0QlMjJodHRwcyUzQSUyRiUyRnN0YXRpYy5wYXlzZXJhLmNvbSUyRmFzc2V0cyUyRmltYWdlJTJGZG9uYXRlLWJ1dHRvbiUyRnBheXNlcmEtc2lnbi12MS5wbmclMjIlM0UlMEElM0NzcGFuJTIwY2xhc3MlM0QlMjJkb25hdGVCdG5TYW1wbGVUZXh0JTIyJTNFU3VwcG9ydCUyMHRoZSUyMGFjdGl2aXR5JTNDJTJGc3BhbiUzRSUwQSUzQyUyRmElM0U=[\/vc_raw_html][\/vc_column_inner][\/vc_row_inner]<\/div><\/section><section id=\"section-1584791161220-4-0\" class=\"tab\" data-animation=\"fadeIn\" style=\"background:; color:;\"><div class=\"infi-content-wrapper\">[vc_row_inner][vc_column_inner width=&#8221;1\/6&#8243;][\/vc_column_inner][vc_column_inner width=&#8221;2\/3&#8243;][vc_column_text]Periodic aid is a continuous fixed value sum forwarded by the aid provider to the Fund\u2019s account. The aid provider determines the value of the aid. After selecting this aid form, the aid fund chosen by the aid provider is deducted automatically from the personal bank account of the aid provider and is forwarded to the Fund\u2019s account.<\/p>\n<p>If you want to provide aid by the aforementioned method, at any bank or by using e-banking services you may conclude such periodic aid agreement. Regarding this question, you may find more detailed information at:<\/p>\n<table>\n<tbody>\n<tr>\n<td>SWEDBANK<\/td>\n<td>(<a href=\"https:\/\/www.swedbank.lt\/private\/d2d\/payments2\/standing_order?language=LIT\">https:\/\/www.swedbank.lt<\/a>)<\/td>\n<\/tr>\n<tr>\n<td>SEB BANKAS<\/td>\n<td>(<a href=\"https:\/\/www.seb.lt\/kasdiene-bankininkyste\/periodinis-pervedimas\">https:\/\/www.seb.lt<\/a>)<\/td>\n<\/tr>\n<tr>\n<td>CITADEL\u0116<\/td>\n<td>(<a href=\"https:\/\/www.citadele.lt\/lt\/private\/payments\/regular\/\">https:\/\/www.citadele.lt<\/a>)<\/td>\n<\/tr>\n<tr>\n<td>\u0160IAULI\u0172 BANKAS<\/td>\n<td>(<a href=\"https:\/\/sb.lt\/lt\">https:\/\/sb.lt\/lt<\/a>)<\/td>\n<\/tr>\n<tr>\n<td>LUMINOR\/NORDEA<\/td>\n<td>(<a href=\"https:\/\/www.luminor.lt\/\">https:\/\/www.luminor.lt\/<\/a>)<\/td>\n<\/tr>\n<\/tbody>\n<\/table>\n<p>&nbsp;<\/p>\n<p>Payment purpose periodic aid.<\/p>\n<p><strong>Charity and Aid Fund \u201eAngelo akys\u201c<\/strong><\/p>\n<p><strong>Address:<\/strong> G\u0117laini\u0173 g. 62, Panev\u0117\u017eys, LT 36252<\/p>\n<p><strong>Legal entity\u2019s code:<\/strong> 305296392<\/p>\n<p><strong>Bank:<\/strong> AB SWEDBANK, bank code 73000<\/p>\n<p><strong>Account No:<\/strong> LT25 7300 0101 6138 1610[\/vc_column_text][\/vc_column_inner][vc_column_inner width=&#8221;1\/6&#8243;][\/vc_column_inner][\/vc_row_inner]<\/div><\/section><section id=\"section-1584790563358-7\" class=\"tab\" data-animation=\"fadeIn\" style=\"background:; color:;\"><div class=\"infi-content-wrapper\">[vc_row_inner][vc_column_inner width=&#8221;1\/2&#8243;][vc_single_image image=&#8221;1665&#8243; img_size=&#8221;medium&#8221; alignment=&#8221;center&#8221;][\/vc_column_inner][vc_column_inner width=&#8221;1\/2&#8243;][vc_column_text]<style>\r\n        .wpedon-container .wpedon-select,\r\n        .wpedon-container .wpedon-input {\r\n            width: 170px;\r\n            min-width: 170px;\r\n            max-width: 170px;\r\n        }\r\n    <\/style><div class='wpedon-container wpedon-align-left'>\r\n\t\t<script>\r\n\t\tjQuery(document).ready(function(){\r\n\t\t\tjQuery('#dd_5c04da44ee4ca500acc168c6027d9c15').on('change', function() {\r\n\t\t\t  jQuery('#amount_5c04da44ee4ca500acc168c6027d9c15').val(this.value);\r\n              jQuery('#price_5c04da44ee4ca500acc168c6027d9c15').val(this.value);\r\n\t\t\t});\r\n\t\t});\r\n\t\t<\/script>\r\n\t\t<br \/><label style='font-size:11pt !important;'>Aid sum<\/label><br \/><select class='wpedon-select' name='dd_5c04da44ee4ca500acc168c6027d9c15' id='dd_5c04da44ee4ca500acc168c6027d9c15'><option value=''>5<\/option><option value=''>10<\/option><option value=''>15<\/option><option value=''>20<\/option><option value=''>30<\/option><option value=''>50<\/option><option value=''>100<\/option><option value=''>200<\/option><option value=''>300<\/option><option value=''>500<\/option><\/select><br \/><br \/><form target='_blank' action='https:\/\/www.sandbox.paypal.com\/cgi-bin\/webscr' method='post' class='wpedon-form'><input type='hidden' name='cmd' value='_donations' \/><input type='hidden' name='business' value='angeloakys.lt@gmail.com' \/><input type='hidden' name='currency_code' value='EUR' \/><input type='hidden' name='notify_url' value='https:\/\/angeloakys.lt\/wp-admin\/admin-post.php?action=add_wpedon_button_ipn'><input type='hidden' name='lc' value='en_US'><input type='hidden' name='bn' value='WPPlugin_SP'><input type='hidden' name='return' value='https:\/\/angeloakys.lt' \/><input type='hidden' name='cancel_return' value='' \/><input class='wpedon_paypalbuttonimage' type='image' src='https:\/\/www.paypalobjects.com\/webstatic\/en_US\/btn\/btn_donate_pp_142x27.png' border='0' name='submit' alt='Make your payments with PayPal. It is free, secure, effective.' style='border: none;'><img alt='' border='0' style='border:none;display:none;' src='https:\/\/www.paypal.com\/en_US\/i\/scr\/pixel.gif' width='1' height='1'><input type='hidden' name='amount' id='amount_5c04da44ee4ca500acc168c6027d9c15' value='' \/><input type='hidden' name='price' id='price_5c04da44ee4ca500acc168c6027d9c15' value='' \/><input type='hidden' name='item_number' value='' \/><input type='hidden' name='item_name' value='Fund \u201cAngelo akys\u201d' \/><input type='hidden' name='name' value='Fund \u201cAngelo akys\u201d' \/><input type='hidden' name='custom' value='1692'><input type='hidden' name='no_shipping' value='1'><input type='hidden' name='no_note' value='1'><input type='hidden' name='currency_code' value='EUR'><\/form><\/div>[\/vc_column_text][\/vc_column_inner][\/vc_row_inner]<\/div><\/section>\n\t\t\t<\/div> <!-- \/et-content-wrap -->\n\t\t\t<\/div> <!-- \/et-tabs -->\n\t\t\t<\/section>[\/vc_column][vc_column width=&#8221;1\/6&#8243;][\/vc_column][\/vc_row][vc_row][vc_column width=&#8221;1\/4&#8243;][\/vc_column][vc_column width=&#8221;1\/2&#8243; offset=&#8221;vc_hidden-lg&#8221;][vc_empty_space][vc_tta_accordion style=&#8221;modern&#8221; color=&#8221;blue&#8221; c_icon=&#8221;triangle&#8221; active_section=&#8221;199&#8243; css_animation=&#8221;fadeIn&#8221; collapsible_all=&#8221;true&#8221;][vc_tta_section i_icon_fontawesome=&#8221;fas fa-university&#8221; add_icon=&#8221;true&#8221; title=&#8221;Periodic donation&#8221; tab_id=&#8221;1585308006787-ab76b692-3af7&#8243;][vc_raw_html]JTNDc3R5bGUlM0UlMjNkb25hdGVCdG5TYW1wbGUlN0Jjb2xvciUzQXdoaXRlJTNCZm9udC1zaXplJTNBMTdweCUzQnRleHQtZGVjb3JhdGlvbiUzQW5vbmUlM0Jmb250LWZhbWlseSUzQU9wZW4lMjBTYW5zJTJDSGVsdmV0aWNhJTIwTmV1ZSUyQ0hlbHZldGljYSUyQ0FyaWFsJTJDc2Fucy1zZXJpZiUzQmJhY2tncm91bmQlM0ElMjMxMzZjOWMlM0Jib3JkZXItcmFkaXVzJTNBM3B4JTNCcGFkZGluZyUzQTExcHglMjAyNHB4JTIwMTRweCUyMDEwcHglM0IlN0QlMjAlMjNkb25hdGVCdG5TYW1wbGUlMjBpbWcuZG9uYXRlQnRuU2FtcGxlTG9nbyU3QnBhZGRpbmclM0EzcHglMjA4cHglMjAzcHglMjAwcHglM0Jib3JkZXItcmlnaHQlM0ExcHglMjBzb2xpZCUyMCUyMzQxN2I5YSUzQnZlcnRpY2FsLWFsaWduJTNBbWlkZGxlJTNCJTdEJTIwJTIzZG9uYXRlQnRuU2FtcGxlJTIwc3Bhbi5kb25hdGVCdG5TYW1wbGVUZXh0JTdCcGFkZGluZy1sZWZ0JTNBMTZweCUzQnZlcnRpY2FsLWFsaWduJTNBbWlkZGxlJTNCJTdEJTIwJTNDJTJGc3R5bGUlM0UlMEElM0NhJTIwaHJlZiUzRCUyMmh0dHBzJTNBJTJGJTJGd3d3LnBheXNlcmEuY29tJTJGcGF5JTJGJTNGZGF0YSUzRGNISnZhbVZqZEdsa1BURTJOall3TWladmNtUmxjbWxrUFRBbVlXMXZkVzUwUFNaamRYSnlaVzVqZVQxRlZWSW1ZV05qWlhCMGRYSnNQV2gwZEhBbE0wRWxNa1lsTWtaM2QzY3VZVzVuWld4dllXdDVjeTVzZENaallXNWpaV3gxY213OWFIUjBjQ1V6UVNVeVJpVXlSbmQzZHk1aGJtZGxiRzloYTNsekxteDBKbU5oYkd4aVlXTnJkWEpzUFNaMFpYTjBQVEFtZG1WeWMybHZiajB4TGpZJTNEJTI2c2lnbiUzRDQ1MmY0YmNmNWM5Nzg3YTJjNjk3YTA0OTU0YTQwNzgxJTIyJTIwaWQlM0QlMjJkb25hdGVCdG5TYW1wbGUlMjIlM0UlMEElM0NpbWclMjBjbGFzcyUzRCUyMmRvbmF0ZUJ0blNhbXBsZUxvZ28lMjIlMjBzcmMlM0QlMjJodHRwcyUzQSUyRiUyRnN0YXRpYy5wYXlzZXJhLmNvbSUyRmFzc2V0cyUyRmltYWdlJTJGZG9uYXRlLWJ1dHRvbiUyRnBheXNlcmEtc2lnbi12MS5wbmclMjIlM0UlMEElM0NzcGFuJTIwY2xhc3MlM0QlMjJkb25hdGVCdG5TYW1wbGVUZXh0JTIyJTNFU3VwcG9ydCUyMHRoZSUyMGFjdGl2aXR5JTNDJTJGc3BhbiUzRSUwQSUzQyUyRmElM0U=[\/vc_raw_html][vc_column_text]<strong>Charity and Aid Fund \u201eAngelo akys\u201c<\/strong><\/p>\n<p><strong>Legal entity\u2019s code:<\/strong> 305296392<\/p>\n<p><strong>Address:<\/strong> G\u0117laini\u0173 g. 62, Panev\u0117\u017eys, LT 36252<\/p>\n<p><strong>By forwarding the monetary funds in to the account of the Fund through any currency<\/strong><\/p>\n<p><strong>Bank:<\/strong> AB SWEDBANK, bank code 73000<\/p>\n<p><strong>Account No:<\/strong>\u00a0 LT25 7300 0101 6138 1610[\/vc_column_text][\/vc_tta_section][vc_tta_section i_icon_fontawesome=&#8221;far fa-calendar&#8221; add_icon=&#8221;true&#8221; title=&#8221;Periodinis aukojimas&#8221; tab_id=&#8221;1585308047574-cdfe4ff8-b663&#8243;][vc_column_text]Periodic aid is a continuous fixed value sum forwarded by the aid provider to the Fund\u2019s account. The aid provider determines the value of the aid. After selecting this aid form, the aid fund chosen by the aid provider is deducted automatically from the personal bank account of the aid provider and is forwarded to the Fund\u2019s account.<\/p>\n<p>If you want to provide aid by the aforementioned method, at any bank or by using e-banking services you may conclude such periodic aid agreement. Regarding this question, you may find more detailed information at:<\/p>\n<table>\n<tbody>\n<tr>\n<td>SWEDBANK<\/td>\n<td>(<a href=\"https:\/\/www.swedbank.lt\/private\/d2d\/payments2\/standing_order?language=LIT\">https:\/\/www.swedbank.lt<\/a>)<\/td>\n<\/tr>\n<tr>\n<td>SEB BANKAS<\/td>\n<td>(<a href=\"https:\/\/www.seb.lt\/kasdiene-bankininkyste\/periodinis-pervedimas\">https:\/\/www.seb.lt<\/a>)<\/td>\n<\/tr>\n<tr>\n<td>CITADEL\u0116<\/td>\n<td>(<a href=\"https:\/\/www.citadele.lt\/lt\/private\/payments\/regular\/\">https:\/\/www.citadele.lt<\/a>)<\/td>\n<\/tr>\n<tr>\n<td>\u0160IAULI\u0172 BANKAS<\/td>\n<td>(<a href=\"https:\/\/sb.lt\/lt\">https:\/\/sb.lt\/lt<\/a>)<\/td>\n<\/tr>\n<tr>\n<td>LUMINOR\/NORDEA<\/td>\n<td>(<a href=\"https:\/\/www.luminor.lt\/\">https:\/\/www.luminor.lt\/<\/a>)<\/td>\n<\/tr>\n<\/tbody>\n<\/table>\n<p>&nbsp;<\/p>\n<p>Payment purpose\u00a0periodic aid.<\/p>\n<p><strong>Charity and Aid Fund \u201eAngelo akys\u201c<\/strong><\/p>\n<p><strong>Address:<\/strong> G\u0117laini\u0173 g. 62, Panev\u0117\u017eys, LT 36252<\/p>\n<p><strong>Legal entity\u2019s code:<\/strong> 305296392<\/p>\n<p><strong>Bank:<\/strong> AB SWEDBANK, bank code 73000<\/p>\n<p><strong>Account No:<\/strong> LT25 7300 0101 6138 1610[\/vc_column_text][\/vc_tta_section][vc_tta_section i_icon_fontawesome=&#8221;fas fa-globe-africa&#8221; add_icon=&#8221;true&#8221; title=&#8221;For donors from abroad&#8221; tab_id=&#8221;1585307707832-3950c7b8-1db2&#8243;][vc_single_image image=&#8221;1665&#8243; img_size=&#8221;large&#8221; alignment=&#8221;center&#8221;][vc_column_text]<style>\r\n        .wpedon-container .wpedon-select,\r\n        .wpedon-container .wpedon-input {\r\n            width: 170px;\r\n            min-width: 170px;\r\n            max-width: 170px;\r\n        }\r\n    <\/style><div class='wpedon-container wpedon-align-left'>\r\n\t\t<script>\r\n\t\tjQuery(document).ready(function(){\r\n\t\t\tjQuery('#dd_98c5aeb4455666ecc2206a4ba6cbdb63').on('change', function() {\r\n\t\t\t  jQuery('#amount_98c5aeb4455666ecc2206a4ba6cbdb63').val(this.value);\r\n              jQuery('#price_98c5aeb4455666ecc2206a4ba6cbdb63').val(this.value);\r\n\t\t\t});\r\n\t\t});\r\n\t\t<\/script>\r\n\t\t<br \/><label style='font-size:11pt !important;'>Aid sum<\/label><br \/><select class='wpedon-select' name='dd_98c5aeb4455666ecc2206a4ba6cbdb63' id='dd_98c5aeb4455666ecc2206a4ba6cbdb63'><option value=''>5<\/option><option value=''>10<\/option><option value=''>15<\/option><option value=''>20<\/option><option value=''>30<\/option><option value=''>50<\/option><option value=''>100<\/option><option value=''>200<\/option><option value=''>300<\/option><option value=''>500<\/option><\/select><br \/><br \/><form target='_blank' action='https:\/\/www.sandbox.paypal.com\/cgi-bin\/webscr' method='post' class='wpedon-form'><input type='hidden' name='cmd' value='_donations' \/><input type='hidden' name='business' value='angeloakys.lt@gmail.com' \/><input type='hidden' name='currency_code' value='EUR' \/><input type='hidden' name='notify_url' value='https:\/\/angeloakys.lt\/wp-admin\/admin-post.php?action=add_wpedon_button_ipn'><input type='hidden' name='lc' value='en_US'><input type='hidden' name='bn' value='WPPlugin_SP'><input type='hidden' name='return' value='https:\/\/angeloakys.lt' \/><input type='hidden' name='cancel_return' value='' \/><input class='wpedon_paypalbuttonimage' type='image' src='https:\/\/www.paypalobjects.com\/webstatic\/en_US\/btn\/btn_donate_pp_142x27.png' border='0' name='submit' alt='Make your payments with PayPal. It is free, secure, effective.' style='border: none;'><img alt='' border='0' style='border:none;display:none;' src='https:\/\/www.paypal.com\/en_US\/i\/scr\/pixel.gif' width='1' height='1'><input type='hidden' name='amount' id='amount_98c5aeb4455666ecc2206a4ba6cbdb63' value='' \/><input type='hidden' name='price' id='price_98c5aeb4455666ecc2206a4ba6cbdb63' value='' \/><input type='hidden' name='item_number' value='' \/><input type='hidden' name='item_name' value='Fund \u201cAngelo akys\u201d' \/><input type='hidden' name='name' value='Fund \u201cAngelo akys\u201d' \/><input type='hidden' name='custom' value='1692'><input type='hidden' name='no_shipping' value='1'><input type='hidden' name='no_note' value='1'><input type='hidden' name='currency_code' value='EUR'><\/form><\/div>[\/vc_column_text][\/vc_tta_section][\/vc_tta_accordion][vc_empty_space height=&#8221;160px&#8221;][\/vc_column][vc_column width=&#8221;1\/4&#8243;][\/vc_column][\/vc_row]<\/p>\n<\/div>","protected":false},"excerpt":{"rendered":"<p>[vc_row][vc_column width=&#8221;1\/6&#8243;][\/vc_column][vc_column width=&#8221;4\/6&#8243; offset=&#8221;vc_hidden-md vc_hidden-sm vc_hidden-xs&#8221;][vc_empty_space][\/vc_column][vc_column width=&#8221;1\/6&#8243;][\/vc_column][\/vc_row][vc_row][vc_column width=&#8221;1\/4&#8243;][\/vc_column][vc_column width=&#8221;1\/2&#8243; offset=&#8221;vc_hidden-lg&#8221;][vc_empty_space][vc_tta_accordion style=&#8221;modern&#8221; color=&#8221;blue&#8221; c_icon=&#8221;triangle&#8221; active_section=&#8221;199&#8243; css_animation=&#8221;fadeIn&#8221; collapsible_all=&#8221;true&#8221;][vc_tta_section i_icon_fontawesome=&#8221;fas fa-university&#8221; add_icon=&#8221;true&#8221; title=&#8221;Periodic donation&#8221; tab_id=&#8221;1585308006787-ab76b692-3af7&#8243;][vc_raw_html]JTNDc3R5bGUlM0UlMjNkb25hdGVCdG5TYW1wbGUlN0Jjb2xvciUzQXdoaXRlJTNCZm9udC1zaXplJTNBMTdweCUzQnRleHQtZGVjb3JhdGlvbiUzQW5vbmUlM0Jmb250LWZhbWlseSUzQU9wZW4lMjBTYW5zJTJDSGVsdmV0aWNhJTIwTmV1ZSUyQ0hlbHZldGljYSUyQ0FyaWFsJTJDc2Fucy1zZXJpZiUzQmJhY2tncm91bmQlM0ElMjMxMzZjOWMlM0Jib3JkZXItcmFkaXVzJTNBM3B4JTNCcGFkZGluZyUzQTExcHglMjAyNHB4JTIwMTRweCUyMDEwcHglM0IlN0QlMjAlMjNkb25hdGVCdG5TYW1wbGUlMjBpbWcuZG9uYXRlQnRuU2FtcGxlTG9nbyU3QnBhZGRpbmclM0EzcHglMjA4cHglMjAzcHglMjAwcHglM0Jib3JkZXItcmlnaHQlM0ExcHglMjBzb2xpZCUyMCUyMzQxN2I5YSUzQnZlcnRpY2FsLWFsaWduJTNBbWlkZGxlJTNCJTdEJTIwJTIzZG9uYXRlQnRuU2FtcGxlJTIwc3Bhbi5kb25hdGVCdG5TYW1wbGVUZXh0JTdCcGFkZGluZy1sZWZ0JTNBMTZweCUzQnZlcnRpY2FsLWFsaWduJTNBbWlkZGxlJTNCJTdEJTIwJTNDJTJGc3R5bGUlM0UlMEElM0NhJTIwaHJlZiUzRCUyMmh0dHBzJTNBJTJGJTJGd3d3LnBheXNlcmEuY29tJTJGcGF5JTJGJTNGZGF0YSUzRGNISnZhbVZqZEdsa1BURTJOall3TWladmNtUmxjbWxrUFRBbVlXMXZkVzUwUFNaamRYSnlaVzVqZVQxRlZWSW1ZV05qWlhCMGRYSnNQV2gwZEhBbE0wRWxNa1lsTWtaM2QzY3VZVzVuWld4dllXdDVjeTVzZENaallXNWpaV3gxY213OWFIUjBjQ1V6UVNVeVJpVXlSbmQzZHk1aGJtZGxiRzloYTNsekxteDBKbU5oYkd4aVlXTnJkWEpzUFNaMFpYTjBQVEFtZG1WeWMybHZiajB4TGpZJTNEJTI2c2lnbiUzRDQ1MmY0YmNmNWM5Nzg3YTJjNjk3YTA0OTU0YTQwNzgxJTIyJTIwaWQlM0QlMjJkb25hdGVCdG5TYW1wbGUlMjIlM0UlMEElM0NpbWclMjBjbGFzcyUzRCUyMmRvbmF0ZUJ0blNhbXBsZUxvZ28lMjIlMjBzcmMlM0QlMjJodHRwcyUzQSUyRiUyRnN0YXRpYy5wYXlzZXJhLmNvbSUyRmFzc2V0cyUyRmltYWdlJTJGZG9uYXRlLWJ1dHRvbiUyRnBheXNlcmEtc2lnbi12MS5wbmclMjIlM0UlMEElM0NzcGFuJTIwY2xhc3MlM0QlMjJkb25hdGVCdG5TYW1wbGVUZXh0JTIyJTNFU3VwcG9ydCUyMHRoZSUyMGFjdGl2aXR5JTNDJTJGc3BhbiUzRSUwQSUzQyUyRmElM0U=[\/vc_raw_html][vc_column_text]Charity and Aid Fund \u201eAngelo akys\u201c Legal entity\u2019s code: 305296392 Address: G\u0117laini\u0173 g. 62, Panev\u0117\u017eys, LT 36252 By forwarding the monetary funds in to the account of the Fund through any currency Bank: AB&hellip;<\/p>\n","protected":false},"author":4,"featured_media":0,"parent":0,"menu_order":0,"comment_status":"closed","ping_status":"closed","template":"","meta":{"footnotes":""},"class_list":["post-1664","page","type-page","status-publish","hentry","description-off"],"_links":{"self":[{"href":"https:\/\/angeloakys.lt\/en\/wp-json\/wp\/v2\/pages\/1664","targetHints":{"allow":["GET"]}}],"collection":[{"href":"https:\/\/angeloakys.lt\/en\/wp-json\/wp\/v2\/pages"}],"about":[{"href":"https:\/\/angeloakys.lt\/en\/wp-json\/wp\/v2\/types\/page"}],"author":[{"embeddable":true,"href":"https:\/\/angeloakys.lt\/en\/wp-json\/wp\/v2\/users\/4"}],"replies":[{"embeddable":true,"href":"https:\/\/angeloakys.lt\/en\/wp-json\/wp\/v2\/comments?post=1664"}],"version-history":[{"count":8,"href":"https:\/\/angeloakys.lt\/en\/wp-json\/wp\/v2\/pages\/1664\/revisions"}],"predecessor-version":[{"id":1693,"href":"https:\/\/angeloakys.lt\/en\/wp-json\/wp\/v2\/pages\/1664\/revisions\/1693"}],"wp:attachment":[{"href":"https:\/\/angeloakys.lt\/en\/wp-json\/wp\/v2\/media?parent=1664"}],"curies":[{"name":"wp","href":"https:\/\/api.w.org\/{rel}","templated":true}]}}