{"id":1569,"date":"2020-06-19T22:14:03","date_gmt":"2020-06-19T20:14:03","guid":{"rendered":"http:\/\/angeloakys.lt\/?page_id=1569"},"modified":"2020-06-19T22:22:56","modified_gmt":"2020-06-19T20:22:56","slug":"useful-links","status":"publish","type":"page","link":"https:\/\/angeloakys.lt\/en\/useful-links\/","title":{"rendered":"Useful links"},"content":{"rendered":"<div class=\"wpb-content-wrapper\"><p>[vc_row][vc_column width=&#8221;1\/6&#8243;][\/vc_column][vc_column width=&#8221;2\/3&#8243;][vc_empty_space][vc_tta_accordion color=&#8221;white&#8221; active_section=&#8221;199&#8243; css_animation=&#8221;fadeInUp&#8221; collapsible_all=&#8221;true&#8221;][vc_tta_section title=&#8221;Legislation&#8221; tab_id=&#8221;1584386256114-50b8d97d-0049&#8243;][vc_column_text]LR Visuomen\u0117s sveikatos prie\u017ei\u016bros \u012fstatymas\u00a0 Nr. IX-886<br \/>\n<a href=\"https:\/\/e-seimas.lrs.lt\/portal\/legalAct\/lt\/TAD\/TAIS.167900\/asr\">https:\/\/e-seimas.lrs.lt\/portal\/legalAct\/lt\/TAD\/TAIS.167900\/asr<\/a><\/p>\n<p>LR Sveikatos sistemos \u012fstatymas Nr. I-552<br \/>\n<a href=\"https:\/\/www.e-tar.lt\/portal\/lt\/legalAct\/TAR.E2B2957B9182\/asr\">https:\/\/www.e-tar.lt\/portal\/lt\/legalAct\/TAR.E2B2957B9182\/asr<\/a>[\/vc_column_text][\/vc_tta_section][vc_tta_section title=&#8221;Projects&#8221; tab_id=&#8221;1584386256264-7f2893b4-c741&#8243;][vc_column_text]\u201eSveikatos prie\u017ei\u016bros paslaug\u0173 teikimo gerinimas mokyklose ir ikimokyklinio ugdymo \u012fstaigose\u201c<br \/>\n<a href=\"https:\/\/sam.lrv.lt\/lt\/veiklos-sritys\/programos-ir-projektai\/norvegijos-paramos-programa\/apie-projektus-ir-priemones\/priemone-sveikatos-prieziuros-paslaugu-teikimo-gerinimas-mokyklose-ir-ikimokyklinio-ugdymo-istaigose\">https:\/\/sam.lrv.lt\/lt\/veiklos-sritys\/programos-ir-projektai\/norvegijos-paramos-programa\/apie-projektus-ir-priemones\/priemone-sveikatos-prieziuros-paslaugu-teikimo-gerinimas-mokyklose-ir-ikimokyklinio-ugdymo-istaigose<\/a><\/p>\n<p>\u201eJaunimui palanki\u0173 sveikatos prie\u017ei\u016bros paslaug\u0173 teikimo modelio suk\u016brimas\u201c<br \/>\n<a href=\"https:\/\/sam.lrv.lt\/lt\/veiklos-sritys\/programos-ir-projektai\/norvegijos-paramos-programa\/apie-projektus-ir-priemones\/priemone-jaunimui-palankiu-sveikatos-prieziuros-paslaugu-teikimo-modelio-sukurimas\">https:\/\/sam.lrv.lt\/lt\/veiklos-sritys\/programos-ir-projektai\/norvegijos-paramos-programa\/apie-projektus-ir-priemones\/priemone-jaunimui-palankiu-sveikatos-prieziuros-paslaugu-teikimo-modelio-sukurimas<\/a><\/p>\n<p>\u201e\u017dmogaus biologin\u0117 steb\u0117sena\u201c<br \/>\n<a href=\"https:\/\/sam.lrv.lt\/lt\/veiklos-sritys\/programos-ir-projektai\/zmogaus-biologine-stebesena\">https:\/\/sam.lrv.lt\/lt\/veiklos-sritys\/programos-ir-projektai\/zmogaus-biologine-stebesena<\/a>[\/vc_column_text][\/vc_tta_section][vc_tta_section title=&#8221;Other information&#8221; tab_id=&#8221;1584386256447-fa60173d-3580&#8243;][vc_column_text]Visuomen\u0117s sveikatos prie\u017ei\u016bra<br \/>\n<a href=\"https:\/\/sam.lrv.lt\/lt\/veiklos-sritys\/visuomenes-sveikatos-prieziura\">https:\/\/sam.lrv.lt\/lt\/veiklos-sritys\/visuomenes-sveikatos-prieziura<\/a>[\/vc_column_text][\/vc_tta_section][vc_tta_section title=&#8221;Terms of support and cooperation&#8221; tab_id=&#8221;1584386256611-6dc4120d-7f3a&#8221;][vc_column_text]<span style=\"color: #5f2167;\"><strong>Fondo veikl\u0105 galima paremti:<\/strong><\/span><\/p>\n<ul>\n<li>Juridiniams ir fiziniams asmenims teikiant param\u0105 fondui pinigin\u0117mis l\u0117\u0161omis;<\/li>\n<li>Bendradarbiavimo pagrindu, rengiant ir dalyvaujant fondo vykdomuose projektuose, o taip pat si\u016blant ir savus, kaip fondo veiklos r\u0117m\u0117j\u0173, galimus paramos projektus ir paramos id\u0117jas.<\/li>\n<\/ul>\n<p><span style=\"color: #5f2167;\"><strong>Param\u0105 pinigin\u0117mis l\u0117\u0161omis visi juridiniai ir fiziniai asmenys gali teikti:<\/strong><\/span><\/p>\n<ul>\n<li><strong>Pervedant pinigines l\u0117\u0161as \u012f fondo s\u0105skait\u0105, bet kuria valiuta<\/strong><\/li>\n<\/ul>\n<p>Labdaros ir paramos fondas \u201eAngelo akys\u201c<br \/>\nAdresas: G\u0117laini\u0173 g. 62, Panev\u0117\u017eys, LT 36252<br \/>\n\u012emon\u0117s kodas: 305296392<br \/>\nAB SWEDBANK, banko kodas 73000<br \/>\nS\u0105skaitos numeris LT25 7300 0101 6138 1610<\/p>\n<ul>\n<li><strong>Skiriant paramai 1,2% nuo pajam\u0173 mokes\u010dio (GPM) (\u0160i\u0105 param\u0105 teikia fiziniai asmenys)<br \/>\n<\/strong><\/li>\n<\/ul>\n<p style=\"text-indent: 0.2in; text-align: justify;\">\u0160i\u0105 param\u0105 galima teikti, u\u017epildant form\u0105 FR0512v4 VMI elektroninio deklaravimo sistemoje (EDS) <a href=\"https:\/\/deklaravimas.vmi.lt\/\">https:\/\/deklaravimas.vmi.lt\/<\/a> arba u\u017epildyt\u0105 form\u0105 FR0512v4 pateikiant \u012f artimiausi\u0105 Valstybin\u0117s mokes\u010di\u0173 inspekcijos skyri\u0173, arba j\u0105 atsiun\u010diant VMI pa\u0161tu (adresu Nerav\u0173 g. 8, LT-66257 Druskininkai).<\/p>\n<p style=\"text-indent: 0.2in; text-align: justify;\">Nuo 2022 m. pra\u0161ymai d\u0117l paramos skyrimo bus priimami tik el. b\u016bdu, per VMI elektroninio deklaravimo sistem\u0105 (EDS). Pra\u0161ymai d\u0117l paramos skyrimo turi b\u016bti pateikiami iki gegu\u017e\u0117s 1 d. Pra\u0161ymai u\u017e 2019 m. gali b\u016bti pateikiami iki gegu\u017e\u0117s 4 d.<\/p>\n<ul>\n<li><strong>Periodin\u0117s paramos pagrindu<\/strong><\/li>\n<\/ul>\n<p style=\"text-indent: 0.2in; text-align: justify;\">Periodin\u0117 parama, tai nuolatin\u0117 kartotin\u0117 fiksuoto dyd\u017eio, paramos teik\u0117jo pervedama suma \u012f fondo s\u0105skait\u0105. Paramos dyd\u012f nusistato paramos teik\u0117jas. Pasirinkus \u0161i\u0105 paramos form\u0105, paramos teik\u0117jo pasirinkta paramos suma, automati\u0161kai nuskai\u010diuojama nuo asmenin\u0117s paramos teik\u0117jo banko s\u0105skaitos ir pervedama \u012f fondo s\u0105skait\u0105.<\/p>\n<p style=\"text-indent: 0.2in; text-align: justify;\">Norint teikti param\u0105 tokiu b\u016bdu, bet kuriame banke arba naudojantis e-bankininkyste, galite sudaryti tokios periodin\u0117s paramos sutart\u012f. Detalesn\u0119 informacij\u0105 \u0161iuo klausimu galite rasti:<\/p>\n<table style=\"width: 300px;\">\n<tbody>\n<tr>\n<td>SWEDBANK<\/td>\n<td>(<a href=\"https:\/\/www.swedbank.lt\/private\/d2d\/payments2\/standing_order?language=LIT\">https:\/\/www.swedbank.lt<\/a>)<\/td>\n<\/tr>\n<tr>\n<td>SEB BANKAS<\/td>\n<td>(<a href=\"https:\/\/www.seb.lt\/kasdiene-bankininkyste\/periodinis-pervedimas\">https:\/\/www.seb.lt<\/a>)<\/td>\n<\/tr>\n<tr>\n<td>CITADEL\u0116<\/td>\n<td>(<a href=\"https:\/\/www.citadele.lt\/lt\/private\/payments\/regular\/\">https:\/\/www.citadele.lt<\/a>)<\/td>\n<\/tr>\n<tr>\n<td>\u0160IAULI\u0172 BANKAS<\/td>\n<td>(<a href=\"https:\/\/sb.lt\/lt\">https:\/\/sb.lt\/lt<\/a>)<\/td>\n<\/tr>\n<tr>\n<td>LUMINOR\/NORDEA<\/td>\n<td>(<a href=\"https:\/\/www.luminor.lt\/\">https:\/\/www.luminor.lt\/<\/a>)<\/td>\n<\/tr>\n<\/tbody>\n<\/table>\n<p><strong>Mok\u0117jimo paskirtis<\/strong>: periodin\u0117 parama.<\/p>\n<p style=\"text-indent: 0.2in; text-align: justify;\"><strong> Periodin\u0117 parama gali b\u016bti teikiama ir kit\u0173, finansines paslaugas teikian\u010di\u0173 \u012fmoni\u0173, pagrindu.<\/strong><\/p>\n<p><span style=\"color: #5f2167;\"><strong>Parama bendradarbiavimo pagrindu gali b\u016bti teikiama:<\/strong><\/span><\/p>\n<ul>\n<li>Rengiant ir dalyvaujant fondo vykdomuose projektuose;<\/li>\n<li>Si\u016blant savus, kaip fondo veiklos r\u0117m\u0117j\u0173, galimus paramos projektus ir paramos id\u0117jas;<\/li>\n<li>Kit\u0173 galim\u0173 ir priimtin\u0173 bendradarbiavimo form\u0173 pagrindu.<\/li>\n<\/ul>\n<p style=\"text-indent: 0.2in; text-align: justify;\"><strong> D\u0117l paramos teikimo ir bendradarbiavimo pasi\u016blym\u0173 ir klausim\u0173, pra\u0161ome kreiptis:<\/strong><\/p>\n<table style=\"width: 300px;\">\n<tbody>\n<tr>\n<td>El. adresu:<\/td>\n<td><a href=\"mailto:info@angeloakys.lt\">info@angeloakys.lt<\/a><\/td>\n<\/tr>\n<tr>\n<td>Tel.:<\/td>\n<td>+370 658 18188<\/td>\n<\/tr>\n<\/tbody>\n<\/table>\n<p>[\/vc_column_text][\/vc_tta_section][\/vc_tta_accordion][\/vc_column][vc_column width=&#8221;1\/6&#8243;][\/vc_column][\/vc_row][vc_row][vc_column]<div class=\"ult-spacer spacer-69f28ef4a352d\" data-id=\"69f28ef4a352d\" data-height=\"10\" data-height-mobile=\"150\" data-height-tab=\"\" data-height-tab-portrait=\"\" data-height-mobile-landscape=\"\" style=\"clear:both;display:block;\"><\/div>[\/vc_column][\/vc_row]<\/p>\n<\/div>","protected":false},"excerpt":{"rendered":"<p>[vc_row][vc_column width=&#8221;1\/6&#8243;][\/vc_column][vc_column width=&#8221;2\/3&#8243;][vc_empty_space][vc_tta_accordion color=&#8221;white&#8221; active_section=&#8221;199&#8243; css_animation=&#8221;fadeInUp&#8221; collapsible_all=&#8221;true&#8221;][vc_tta_section title=&#8221;Legislation&#8221; tab_id=&#8221;1584386256114-50b8d97d-0049&#8243;][vc_column_text]LR Visuomen\u0117s sveikatos prie\u017ei\u016bros \u012fstatymas\u00a0 Nr. IX-886 https:\/\/e-seimas.lrs.lt\/portal\/legalAct\/lt\/TAD\/TAIS.167900\/asr LR Sveikatos sistemos \u012fstatymas Nr. I-552 https:\/\/www.e-tar.lt\/portal\/lt\/legalAct\/TAR.E2B2957B9182\/asr[\/vc_column_text][\/vc_tta_section][vc_tta_section title=&#8221;Projects&#8221; tab_id=&#8221;1584386256264-7f2893b4-c741&#8243;][vc_column_text]\u201eSveikatos prie\u017ei\u016bros paslaug\u0173 teikimo gerinimas mokyklose ir ikimokyklinio ugdymo \u012fstaigose\u201c https:\/\/sam.lrv.lt\/lt\/veiklos-sritys\/programos-ir-projektai\/norvegijos-paramos-programa\/apie-projektus-ir-priemones\/priemone-sveikatos-prieziuros-paslaugu-teikimo-gerinimas-mokyklose-ir-ikimokyklinio-ugdymo-istaigose \u201eJaunimui palanki\u0173 sveikatos prie\u017ei\u016bros paslaug\u0173 teikimo modelio suk\u016brimas\u201c https:\/\/sam.lrv.lt\/lt\/veiklos-sritys\/programos-ir-projektai\/norvegijos-paramos-programa\/apie-projektus-ir-priemones\/priemone-jaunimui-palankiu-sveikatos-prieziuros-paslaugu-teikimo-modelio-sukurimas \u201e\u017dmogaus biologin\u0117 steb\u0117sena\u201c https:\/\/sam.lrv.lt\/lt\/veiklos-sritys\/programos-ir-projektai\/zmogaus-biologine-stebesena[\/vc_column_text][\/vc_tta_section][vc_tta_section title=&#8221;Other information&#8221; tab_id=&#8221;1584386256447-fa60173d-3580&#8243;][vc_column_text]Visuomen\u0117s sveikatos prie\u017ei\u016bra https:\/\/sam.lrv.lt\/lt\/veiklos-sritys\/visuomenes-sveikatos-prieziura[\/vc_column_text][\/vc_tta_section][vc_tta_section title=&#8221;Terms&hellip;<\/p>\n","protected":false},"author":4,"featured_media":0,"parent":0,"menu_order":0,"comment_status":"closed","ping_status":"closed","template":"","meta":{"footnotes":""},"class_list":["post-1569","page","type-page","status-publish","hentry","description-off"],"_links":{"self":[{"href":"https:\/\/angeloakys.lt\/en\/wp-json\/wp\/v2\/pages\/1569","targetHints":{"allow":["GET"]}}],"collection":[{"href":"https:\/\/angeloakys.lt\/en\/wp-json\/wp\/v2\/pages"}],"about":[{"href":"https:\/\/angeloakys.lt\/en\/wp-json\/wp\/v2\/types\/page"}],"author":[{"embeddable":true,"href":"https:\/\/angeloakys.lt\/en\/wp-json\/wp\/v2\/users\/4"}],"replies":[{"embeddable":true,"href":"https:\/\/angeloakys.lt\/en\/wp-json\/wp\/v2\/comments?post=1569"}],"version-history":[{"count":3,"href":"https:\/\/angeloakys.lt\/en\/wp-json\/wp\/v2\/pages\/1569\/revisions"}],"predecessor-version":[{"id":1592,"href":"https:\/\/angeloakys.lt\/en\/wp-json\/wp\/v2\/pages\/1569\/revisions\/1592"}],"wp:attachment":[{"href":"https:\/\/angeloakys.lt\/en\/wp-json\/wp\/v2\/media?parent=1569"}],"curies":[{"name":"wp","href":"https:\/\/api.w.org\/{rel}","templated":true}]}}