{"id":1505,"date":"2020-06-19T16:27:54","date_gmt":"2020-06-19T14:27:54","guid":{"rendered":"http:\/\/angeloakys.lt\/?page_id=1505"},"modified":"2020-07-23T09:06:32","modified_gmt":"2020-07-23T07:06:32","slug":"conditions-and-possibilities-regarding-support-for-fund-activity","status":"publish","type":"page","link":"https:\/\/angeloakys.lt\/en\/conditions-and-possibilities-regarding-support-for-fund-activity\/","title":{"rendered":"Conditions and Possibilities Regarding Support for Fund Activity"},"content":{"rendered":"<div class=\"wpb-content-wrapper\"><p>[vc_row][vc_column][vc_empty_space][\/vc_column][\/vc_row][vc_row][vc_column width=&#8221;1\/6&#8243;][\/vc_column][vc_column width=&#8221;2\/3&#8243;][vc_custom_heading text=&#8221;The activity of the Fund may be supported:&#8221; font_container=&#8221;tag:h3|text_align:left|color:%235f2167&#8243; use_theme_fonts=&#8221;yes&#8221;][vc_column_text]<\/p>\n<ul>\n<li>By legal entities and natural persons by providing monetary support to the Fund;<\/li>\n<li>On the basis of cooperation in preparing and participating in the projects being performed by the Fund, as well as, proposing own, as Fund activity sponsors, aid projects and ideas.<\/li>\n<\/ul>\n<p>[\/vc_column_text][vc_custom_heading text=&#8221;All of Legal Entities and Natural Persons May Provide Monetary Support to the Fund:&#8221; font_container=&#8221;tag:h3|text_align:left|color:%235f2167&#8243; use_theme_fonts=&#8221;yes&#8221;][vc_column_text]<\/p>\n<ul>\n<li><strong>By forwarding the monetary funds in to the account of the Fund through any currency<\/strong><\/li>\n<\/ul>\n<p>Charity and Aid Fund \u201eAngelo akys\u201c<br \/>\nAddress: G\u0117laini\u0173 g. 62, Panev\u0117\u017eys, LT 36252<br \/>\nLegal entity\u2019s code: 305296392<br \/>\nBank: AB SWEDBANK, bank code 73000<br \/>\nAccount No: LT25 7300 0101 6138 1610[\/vc_column_text][vc_column_text]<\/p>\n<ul>\n<li><strong>By allocating 1.2% aid from the citizen\u2019s income tax (CIT) (natural persons provide this aid)<\/strong><\/li>\n<\/ul>\n<p style=\"text-align: justify;\">\u00a0 People can provide the aforementioned 1.2% aid from the citizen\u2019s income tax (CIT), by filling-out the Form No. FR0512v4 at the STI\u2019s electronic declaration system (EDS) <a href=\"https:\/\/deklaravimas.vmi.lt\/\">https:\/\/deklaravimas.vmi.lt\/<\/a> or by submitting the filled-out form to the nearest State Tax Inspectorate office, or by forwarding it to the STI by post (address: Nerav\u0173 g. 8, LT-66257 Druskininkai).<\/p>\n<p style=\"text-align: justify;\">\u00a0 From 2022, requests regarding allocation of aid will be accepted only via e-mail, through the STI\u2019s electronic declaration system (EDS). Requests regarding aid allocation must be submitted until 1 May. Requests for the year of 2019 may be submitted until 4 May.<\/p>\n<p>[\/vc_column_text][vc_column_text]<\/p>\n<ul>\n<li><strong>On the basis of periodic aid<\/strong><\/li>\n<\/ul>\n<p style=\"text-align: justify;\">\u00a0 Periodic aid is a continuous fixed value sum forwarded by the aid provider to the Fund\u2019s account. The aid provider determines the value of the aid. After selecting this aid form, the aid fund chosen by the aid provider is deducted automatically from the personal bank account of the aid provider and is forwarded to the Fund\u2019s account.<\/p>\n<p style=\"text-indent: 0.2in; text-align: justify;\">If you want to provide aid by the aforementioned method, at any bank or by using e-banking services you may conclude such periodic aid agreement. Regarding this question, you may find more detailed information at:<\/p>\n<table style=\"width: 300px;\">\n<tbody>\n<tr>\n<td>SWEDBANK<\/td>\n<td>(<a href=\"https:\/\/www.swedbank.lt\/private\/d2d\/payments2\/standing_order?language=LIT\">https:\/\/www.swedbank.lt<\/a>)<\/td>\n<\/tr>\n<tr>\n<td>SEB BANKAS<\/td>\n<td>(<a href=\"https:\/\/www.seb.lt\/kasdiene-bankininkyste\/periodinis-pervedimas\">https:\/\/www.seb.lt<\/a>)<\/td>\n<\/tr>\n<tr>\n<td>CITADEL\u0116<\/td>\n<td>(<a href=\"https:\/\/www.citadele.lt\/lt\/private\/payments\/regular\/\">https:\/\/www.citadele.lt<\/a>)<\/td>\n<\/tr>\n<tr>\n<td>\u0160IAULI\u0172 BANKAS<\/td>\n<td>(<a href=\"https:\/\/sb.lt\/lt\">https:\/\/sb.lt\/lt<\/a>)<\/td>\n<\/tr>\n<tr>\n<td>LUMINOR\/NORDEA<\/td>\n<td>(<a href=\"https:\/\/www.luminor.lt\/\">https:\/\/www.luminor.lt\/<\/a>)<\/td>\n<\/tr>\n<\/tbody>\n<\/table>\n<p><strong>Payment purpose<\/strong>: periodic aid.<\/p>\n<p><strong>Periodic aid may be provided on the basis of other companies providing financial services.<\/strong>[\/vc_column_text][vc_custom_heading text=&#8221;Aid on the basis of cooperation may be provided:&#8221; font_container=&#8221;tag:h3|text_align:left|color:%235f2167&#8243; use_theme_fonts=&#8221;yes&#8221;][vc_column_text]<\/p>\n<ul>\n<li>By preparing and participating in the projects performed by the Fund;<\/li>\n<li>By proposing own, as Fund activity sponsors, possible aid projects and ideas;<\/li>\n<li>On the basis of other possible and acceptable forms of cooperation.<\/li>\n<\/ul>\n<p>[\/vc_column_text][vc_column_text]<strong>Regarding the questions and proposals on aid provision and cooperation, please address them to:<\/strong><\/p>\n<table style=\"width: 300px;\">\n<tbody>\n<tr>\n<td>E-mail:<\/td>\n<td><a href=\"mailto:info@angeloakys.lt\">info@angeloakys.lt<\/a><\/td>\n<\/tr>\n<tr>\n<td>Phone.:<\/td>\n<td>+370 658 18188<\/td>\n<\/tr>\n<\/tbody>\n<\/table>\n<p>[\/vc_column_text][\/vc_column][vc_column width=&#8221;1\/6&#8243;][\/vc_column][\/vc_row]<\/p>\n<\/div>","protected":false},"excerpt":{"rendered":"<p>[vc_row][vc_column][vc_empty_space][\/vc_column][\/vc_row][vc_row][vc_column width=&#8221;1\/6&#8243;][\/vc_column][vc_column width=&#8221;2\/3&#8243;][vc_custom_heading text=&#8221;The activity of the Fund may be supported:&#8221; font_container=&#8221;tag:h3|text_align:left|color:%235f2167&#8243; use_theme_fonts=&#8221;yes&#8221;][vc_column_text] By legal entities and natural persons by providing monetary support to the Fund; On the basis of cooperation in preparing and participating in the projects being performed by the Fund, as well as, proposing own, as Fund activity sponsors, aid projects and&hellip;<\/p>\n","protected":false},"author":4,"featured_media":0,"parent":0,"menu_order":0,"comment_status":"closed","ping_status":"closed","template":"","meta":{"footnotes":""},"class_list":["post-1505","page","type-page","status-publish","hentry","description-off"],"_links":{"self":[{"href":"https:\/\/angeloakys.lt\/en\/wp-json\/wp\/v2\/pages\/1505","targetHints":{"allow":["GET"]}}],"collection":[{"href":"https:\/\/angeloakys.lt\/en\/wp-json\/wp\/v2\/pages"}],"about":[{"href":"https:\/\/angeloakys.lt\/en\/wp-json\/wp\/v2\/types\/page"}],"author":[{"embeddable":true,"href":"https:\/\/angeloakys.lt\/en\/wp-json\/wp\/v2\/users\/4"}],"replies":[{"embeddable":true,"href":"https:\/\/angeloakys.lt\/en\/wp-json\/wp\/v2\/comments?post=1505"}],"version-history":[{"count":4,"href":"https:\/\/angeloakys.lt\/en\/wp-json\/wp\/v2\/pages\/1505\/revisions"}],"predecessor-version":[{"id":1691,"href":"https:\/\/angeloakys.lt\/en\/wp-json\/wp\/v2\/pages\/1505\/revisions\/1691"}],"wp:attachment":[{"href":"https:\/\/angeloakys.lt\/en\/wp-json\/wp\/v2\/media?parent=1505"}],"curies":[{"name":"wp","href":"https:\/\/api.w.org\/{rel}","templated":true}]}}